{"id":12,"date":"2020-08-10T17:22:15","date_gmt":"2020-08-10T15:22:15","guid":{"rendered":"https:\/\/djk-hiltrop.com\/ju-jutsu\/?page_id=11"},"modified":"2025-12-19T19:06:18","modified_gmt":"2025-12-19T18:06:18","slug":"home","status":"publish","type":"page","link":"https:\/\/djk-hiltrop.com\/trimm-herren\/","title":{"rendered":""},"content":{"rendered":"\t\t<div data-elementor-type=\"wp-page\" data-elementor-id=\"12\" class=\"elementor elementor-12\" data-elementor-post-type=\"page\">\n\t\t\t\t\t\t<section class=\"elementor-section elementor-top-section elementor-element elementor-element-375ab15 elementor-section-boxed elementor-section-height-default elementor-section-height-default\" data-id=\"375ab15\" data-element_type=\"section\" data-e-type=\"section\">\n\t\t\t\t\t\t<div class=\"elementor-container elementor-column-gap-default\">\n\t\t\t\t\t<div class=\"elementor-column elementor-col-100 elementor-top-column elementor-element elementor-element-8bce7e9\" data-id=\"8bce7e9\" data-element_type=\"column\" data-e-type=\"column\">\n\t\t\t<div class=\"elementor-widget-wrap elementor-element-populated\">\n\t\t\t\t\t\t<div class=\"elementor-element elementor-element-849b4ff elementor-widget elementor-widget-heading\" data-id=\"849b4ff\" data-element_type=\"widget\" data-e-type=\"widget\" data-widget_type=\"heading.default\">\n\t\t\t\t<div class=\"elementor-widget-container\">\n\t\t\t\t\t<h2 class=\"elementor-heading-title elementor-size-default\">Willkommen bei den Trimm Herren<\/h2>\t\t\t\t<\/div>\n\t\t\t\t<\/div>\n\t\t\t\t\t<\/div>\n\t\t<\/div>\n\t\t\t\t\t<\/div>\n\t\t<\/section>\n\t\t\t\t<section class=\"elementor-section elementor-top-section elementor-element elementor-element-37355fa elementor-section-boxed elementor-section-height-default elementor-section-height-default\" data-id=\"37355fa\" data-element_type=\"section\" data-e-type=\"section\">\n\t\t\t\t\t\t<div class=\"elementor-container elementor-column-gap-default\">\n\t\t\t\t\t<div class=\"elementor-column elementor-col-100 elementor-top-column elementor-element elementor-element-61b6e26\" data-id=\"61b6e26\" data-element_type=\"column\" data-e-type=\"column\">\n\t\t\t<div class=\"elementor-widget-wrap elementor-element-populated\">\n\t\t\t\t\t\t<div class=\"elementor-element elementor-element-95abfe9 elementor-widget elementor-widget-text-editor\" data-id=\"95abfe9\" data-element_type=\"widget\" data-e-type=\"widget\" data-widget_type=\"text-editor.default\">\n\t\t\t\t<div class=\"elementor-widget-container\">\n\t\t\t\t\t\t\t\t\t<p>In unserer Sportgruppe finden M\u00e4nner jeden Alters ihren sportlichen Ausgleich zum Alltag. Dort hei\u00dft es sich fit und gesund zu halten.<\/p>\n<p>Angelehnt an dem Projekt &#8222;Bewegt \u00c4lter werden&#8220; sind unsere Trainingseinheiten so abgestimmt, dass die individuelle k\u00f6rperlichen Leistung und Belastungsgrenze stets im Blick bleibt. Der Spa\u00df und die Freude am Sport steht immer im Vordergrund.<\/p>\n<p><br><\/p>\n<p>Mehr zu den Trainingszeiten und zu den Kontaktm\u00f6glichkeiten findet Ihr \u00fcber die Men\u00fcleiste.<br><\/p>\t\t\t\t\t\t\t\t<\/div>\n\t\t\t\t<\/div>\n\t\t\t\t\t<\/div>\n\t\t<\/div>\n\t\t\t\t\t<\/div>\n\t\t<\/section>\n\t\t\t\t<\/div>\n\t\t","protected":false},"excerpt":{"rendered":"<p>Willkommen bei den Trimm Herren In unserer Sportgruppe finden M\u00e4nner jeden Alters ihren sportlichen Ausgleich zum Alltag. Dort hei\u00dft es sich fit und gesund zu halten. Angelehnt an dem Projekt &#8222;Bewegt \u00c4lter werden&#8220; sind unsere Trainingseinheiten so abgestimmt, dass die individuelle k\u00f6rperlichen Leistung und Belastungsgrenze stets im Blick bleibt. Der[&#8230;]<\/p>\n<p> <a class=\"continue-reading-link\" href=\"https:\/\/djk-hiltrop.com\/trimm-herren\/\"><span>Weiterlesen<\/span><i class=\"crycon-right-dir\"><\/i><\/a> <\/p>\n","protected":false},"author":1,"featured_media":0,"parent":0,"menu_order":0,"comment_status":"closed","ping_status":"closed","template":"","meta":{"footnotes":""},"class_list":["post-12","page","type-page","status-publish","hentry"],"_links":{"self":[{"href":"https:\/\/djk-hiltrop.com\/trimm-herren\/wp-json\/wp\/v2\/pages\/12","targetHints":{"allow":["GET"]}}],"collection":[{"href":"https:\/\/djk-hiltrop.com\/trimm-herren\/wp-json\/wp\/v2\/pages"}],"about":[{"href":"https:\/\/djk-hiltrop.com\/trimm-herren\/wp-json\/wp\/v2\/types\/page"}],"author":[{"embeddable":true,"href":"https:\/\/djk-hiltrop.com\/trimm-herren\/wp-json\/wp\/v2\/users\/1"}],"replies":[{"embeddable":true,"href":"https:\/\/djk-hiltrop.com\/trimm-herren\/wp-json\/wp\/v2\/comments?post=12"}],"version-history":[{"count":12,"href":"https:\/\/djk-hiltrop.com\/trimm-herren\/wp-json\/wp\/v2\/pages\/12\/revisions"}],"predecessor-version":[{"id":106,"href":"https:\/\/djk-hiltrop.com\/trimm-herren\/wp-json\/wp\/v2\/pages\/12\/revisions\/106"}],"wp:attachment":[{"href":"https:\/\/djk-hiltrop.com\/trimm-herren\/wp-json\/wp\/v2\/media?parent=12"}],"curies":[{"name":"wp","href":"https:\/\/api.w.org\/{rel}","templated":true}]}}