{"id":12,"date":"2020-08-10T17:22:15","date_gmt":"2020-08-10T15:22:15","guid":{"rendered":"https:\/\/djk-hiltrop.com\/ju-jutsu\/?page_id=11"},"modified":"2023-08-05T18:31:49","modified_gmt":"2023-08-05T16:31:49","slug":"home","status":"publish","type":"page","link":"https:\/\/djk-hiltrop.com\/kinderturnen-klein\/","title":{"rendered":"Kinderturnen ab 4 Jahre"},"content":{"rendered":"\t\t<div data-elementor-type=\"wp-page\" data-elementor-id=\"12\" class=\"elementor elementor-12\" data-elementor-post-type=\"page\">\n\t\t\t\t\t\t<section class=\"elementor-section elementor-top-section elementor-element elementor-element-c1509fc elementor-section-boxed elementor-section-height-default elementor-section-height-default\" data-id=\"c1509fc\" data-element_type=\"section\" data-e-type=\"section\">\n\t\t\t\t\t\t<div class=\"elementor-container elementor-column-gap-default\">\n\t\t\t\t\t<div class=\"elementor-column elementor-col-100 elementor-top-column elementor-element elementor-element-ef9547d\" data-id=\"ef9547d\" data-element_type=\"column\" data-e-type=\"column\">\n\t\t\t<div class=\"elementor-widget-wrap elementor-element-populated\">\n\t\t\t\t\t\t<div class=\"elementor-element elementor-element-6e26bd7 e-transform e-transform elementor-widget elementor-widget-video\" data-id=\"6e26bd7\" data-element_type=\"widget\" data-e-type=\"widget\" data-settings=\"{&quot;video_type&quot;:&quot;hosted&quot;,&quot;start&quot;:2,&quot;_animation&quot;:&quot;none&quot;,&quot;_transform_rotateZ_effect&quot;:{&quot;unit&quot;:&quot;px&quot;,&quot;size&quot;:187,&quot;sizes&quot;:[]},&quot;_transform_skewX_effect&quot;:{&quot;unit&quot;:&quot;px&quot;,&quot;size&quot;:359,&quot;sizes&quot;:[]},&quot;_transform_rotateZ_effect_tablet&quot;:{&quot;unit&quot;:&quot;deg&quot;,&quot;size&quot;:&quot;&quot;,&quot;sizes&quot;:[]},&quot;_transform_rotateZ_effect_mobile&quot;:{&quot;unit&quot;:&quot;deg&quot;,&quot;size&quot;:&quot;&quot;,&quot;sizes&quot;:[]},&quot;_transform_skewX_effect_tablet&quot;:{&quot;unit&quot;:&quot;deg&quot;,&quot;size&quot;:&quot;&quot;,&quot;sizes&quot;:[]},&quot;_transform_skewX_effect_mobile&quot;:{&quot;unit&quot;:&quot;deg&quot;,&quot;size&quot;:&quot;&quot;,&quot;sizes&quot;:[]},&quot;_transform_skewY_effect&quot;:{&quot;unit&quot;:&quot;px&quot;,&quot;size&quot;:&quot;&quot;,&quot;sizes&quot;:[]},&quot;_transform_skewY_effect_tablet&quot;:{&quot;unit&quot;:&quot;deg&quot;,&quot;size&quot;:&quot;&quot;,&quot;sizes&quot;:[]},&quot;_transform_skewY_effect_mobile&quot;:{&quot;unit&quot;:&quot;deg&quot;,&quot;size&quot;:&quot;&quot;,&quot;sizes&quot;:[]}}\" data-widget_type=\"video.default\">\n\t\t\t\t<div class=\"elementor-widget-container\">\n\t\t\t\t\t\t\t<div class=\"e-hosted-video elementor-wrapper elementor-open-inline\">\n\t\t\t\t\t<video class=\"elementor-video\" src=\"https:\/\/djk-hiltrop.com\/kinderturnen-klein\/wp-content\/uploads\/sites\/11\/2022\/02\/KIndersport.mp4#t=2\" preload=\"metadata\" controlsList=\"nodownload\"><\/video>\n\t\t\t\t<\/div>\n\t\t\t\t\t\t<\/div>\n\t\t\t\t<\/div>\n\t\t\t\t\t<\/div>\n\t\t<\/div>\n\t\t\t\t\t<\/div>\n\t\t<\/section>\n\t\t\t\t<section class=\"elementor-section elementor-top-section elementor-element elementor-element-926245e elementor-section-boxed elementor-section-height-default elementor-section-height-default\" data-id=\"926245e\" data-element_type=\"section\" data-e-type=\"section\" data-settings=\"{&quot;animation&quot;:&quot;none&quot;}\">\n\t\t\t\t\t\t<div class=\"elementor-container elementor-column-gap-default\">\n\t\t\t\t\t<div class=\"elementor-column elementor-col-100 elementor-top-column elementor-element elementor-element-5b03737\" data-id=\"5b03737\" data-element_type=\"column\" data-e-type=\"column\">\n\t\t\t<div class=\"elementor-widget-wrap elementor-element-populated\">\n\t\t\t\t\t\t<div class=\"elementor-element elementor-element-b9fbc76 elementor-widget elementor-widget-text-editor\" data-id=\"b9fbc76\" data-element_type=\"widget\" data-e-type=\"widget\" data-widget_type=\"text-editor.default\">\n\t\t\t\t<div class=\"elementor-widget-container\">\n\t\t\t\t\t\t\t\t\t<p>Hier k\u00f6nnen die Kinder das erste Mal ohne ein Elternteil spielerisch Bewegungserfahrungen sammeln und Grundf\u00e4higkeiten, wie z.b Balancieren, H\u00fcpfen, Schwingen und Rollen vertiefen. <br>Besonders die aufgebauten Bewegungslandschaften, laden hier zum spielerischen Erlernen von Bewegungen ein.<br>Beim Kinderturnen erweitern die Kinder ihre Sozialkompetenzen, indem sie gemeinsam Bewegungsaufgaben bew\u00e4ltigen und bei Spielen miteinander kooperieren.<br>Daher ist auch das \u201eSpielen\u201c von besonderer Bedeutung, denn es bringt Spa\u00df an der Bewegung, gewinnt Freude durch gemeinsame Aktionen und schult gleichzeitig das Lernen von Regeln im Miteinander und Gegeneinander.<\/p>\n<div><strong>Die Kinderkurse sind bei uns sehr stark nachgefragt, sodass wir f\u00fcr Sie ganz neu ein Onlineanmeldeformular erstellt haben. Wir bitten Sie Ihre Anfrage \u00fcber den unten stehenden Button an uns zu senden. Wir melden uns bei Ihnen zeitnah und freuen uns auf die Kinder! Bei einem Aufnahmestopp wird die Onlinemeldung nicht mehr angezeigt und die Warteliste wird mangels Kapazit\u00e4ten deaktiviert.<br><\/strong><\/div>\n<div>&nbsp;<\/div>\n<div><br><\/div>\t\t\t\t\t\t\t\t<\/div>\n\t\t\t\t<\/div>\n\t\t\t\t\t<\/div>\n\t\t<\/div>\n\t\t\t\t\t<\/div>\n\t\t<\/section>\n\t\t\t\t<section class=\"elementor-section elementor-top-section elementor-element elementor-element-f467b78 elementor-section-boxed elementor-section-height-default elementor-section-height-default\" data-id=\"f467b78\" data-element_type=\"section\" data-e-type=\"section\">\n\t\t\t\t\t\t<div class=\"elementor-container elementor-column-gap-default\">\n\t\t\t\t\t<div class=\"elementor-column elementor-col-100 elementor-top-column elementor-element elementor-element-10e0f53\" data-id=\"10e0f53\" data-element_type=\"column\" data-e-type=\"column\">\n\t\t\t<div class=\"elementor-widget-wrap elementor-element-populated\">\n\t\t\t\t\t\t<div class=\"elementor-element elementor-element-e29bd6e elementor-widget elementor-widget-image\" data-id=\"e29bd6e\" data-element_type=\"widget\" data-e-type=\"widget\" data-widget_type=\"image.default\">\n\t\t\t\t<div class=\"elementor-widget-container\">\n\t\t\t\t\t\t\t\t\t\t\t\t<figure class=\"wp-caption\">\n\t\t\t\t\t\t\t\t\t\t<img fetchpriority=\"high\" decoding=\"async\" width=\"2048\" height=\"1154\" src=\"https:\/\/djk-hiltrop.com\/kinderturnen-klein\/wp-content\/uploads\/sites\/11\/2022\/11\/Kinderturnen-4-7-JAhre-Trainingszeiten-1-2048x1154.png\" class=\"attachment-2048x2048 size-2048x2048 wp-image-183\" alt=\"\" srcset=\"https:\/\/djk-hiltrop.com\/kinderturnen-klein\/wp-content\/uploads\/sites\/11\/2022\/11\/Kinderturnen-4-7-JAhre-Trainingszeiten-1-2048x1154.png 2048w, https:\/\/djk-hiltrop.com\/kinderturnen-klein\/wp-content\/uploads\/sites\/11\/2022\/11\/Kinderturnen-4-7-JAhre-Trainingszeiten-1-300x169.png 300w, https:\/\/djk-hiltrop.com\/kinderturnen-klein\/wp-content\/uploads\/sites\/11\/2022\/11\/Kinderturnen-4-7-JAhre-Trainingszeiten-1-1024x577.png 1024w, https:\/\/djk-hiltrop.com\/kinderturnen-klein\/wp-content\/uploads\/sites\/11\/2022\/11\/Kinderturnen-4-7-JAhre-Trainingszeiten-1-768x433.png 768w, https:\/\/djk-hiltrop.com\/kinderturnen-klein\/wp-content\/uploads\/sites\/11\/2022\/11\/Kinderturnen-4-7-JAhre-Trainingszeiten-1-1536x865.png 1536w, https:\/\/djk-hiltrop.com\/kinderturnen-klein\/wp-content\/uploads\/sites\/11\/2022\/11\/Kinderturnen-4-7-JAhre-Trainingszeiten-1-150x85.png 150w\" sizes=\"(max-width: 2048px) 100vw, 2048px\" \/>\t\t\t\t\t\t\t\t\t\t\t<figcaption class=\"widget-image-caption wp-caption-text\">Gruppe A<\/figcaption>\n\t\t\t\t\t\t\t\t\t\t<\/figure>\n\t\t\t\t\t\t\t\t\t<\/div>\n\t\t\t\t<\/div>\n\t\t\t\t\t<\/div>\n\t\t<\/div>\n\t\t\t\t\t<\/div>\n\t\t<\/section>\n\t\t\t\t<section class=\"elementor-section elementor-top-section elementor-element elementor-element-29a98e9 elementor-section-boxed elementor-section-height-default elementor-section-height-default\" data-id=\"29a98e9\" data-element_type=\"section\" data-e-type=\"section\">\n\t\t\t\t\t\t<div class=\"elementor-container elementor-column-gap-default\">\n\t\t\t\t\t<div class=\"elementor-column elementor-col-100 elementor-top-column elementor-element elementor-element-6e7c554\" data-id=\"6e7c554\" data-element_type=\"column\" data-e-type=\"column\">\n\t\t\t<div class=\"elementor-widget-wrap elementor-element-populated\">\n\t\t\t\t\t\t<div class=\"elementor-element elementor-element-e2ec1a0 elementor-widget elementor-widget-image\" data-id=\"e2ec1a0\" data-element_type=\"widget\" data-e-type=\"widget\" data-widget_type=\"image.default\">\n\t\t\t\t<div class=\"elementor-widget-container\">\n\t\t\t\t\t\t\t\t\t\t\t\t<figure class=\"wp-caption\">\n\t\t\t\t\t\t\t\t\t\t<img decoding=\"async\" width=\"900\" height=\"507\" src=\"https:\/\/djk-hiltrop.com\/kinderturnen-klein\/wp-content\/uploads\/sites\/11\/2022\/11\/Kinderturnen-4-Donnerstag-Trainingszeiten-1024x577.png\" class=\"attachment-large size-large wp-image-195\" alt=\"\" srcset=\"https:\/\/djk-hiltrop.com\/kinderturnen-klein\/wp-content\/uploads\/sites\/11\/2022\/11\/Kinderturnen-4-Donnerstag-Trainingszeiten-1024x577.png 1024w, https:\/\/djk-hiltrop.com\/kinderturnen-klein\/wp-content\/uploads\/sites\/11\/2022\/11\/Kinderturnen-4-Donnerstag-Trainingszeiten-300x169.png 300w, https:\/\/djk-hiltrop.com\/kinderturnen-klein\/wp-content\/uploads\/sites\/11\/2022\/11\/Kinderturnen-4-Donnerstag-Trainingszeiten-768x433.png 768w, https:\/\/djk-hiltrop.com\/kinderturnen-klein\/wp-content\/uploads\/sites\/11\/2022\/11\/Kinderturnen-4-Donnerstag-Trainingszeiten-1536x865.png 1536w, https:\/\/djk-hiltrop.com\/kinderturnen-klein\/wp-content\/uploads\/sites\/11\/2022\/11\/Kinderturnen-4-Donnerstag-Trainingszeiten-150x85.png 150w, https:\/\/djk-hiltrop.com\/kinderturnen-klein\/wp-content\/uploads\/sites\/11\/2022\/11\/Kinderturnen-4-Donnerstag-Trainingszeiten.png 1640w\" sizes=\"(max-width: 900px) 100vw, 900px\" \/>\t\t\t\t\t\t\t\t\t\t\t<figcaption class=\"widget-image-caption wp-caption-text\">Gruppe B<\/figcaption>\n\t\t\t\t\t\t\t\t\t\t<\/figure>\n\t\t\t\t\t\t\t\t\t<\/div>\n\t\t\t\t<\/div>\n\t\t\t\t\t<\/div>\n\t\t<\/div>\n\t\t\t\t\t<\/div>\n\t\t<\/section>\n\t\t\t\t<section class=\"elementor-section elementor-top-section elementor-element elementor-element-5b85246 elementor-hidden-desktop elementor-hidden-tablet elementor-hidden-mobile elementor-section-boxed elementor-section-height-default elementor-section-height-default\" data-id=\"5b85246\" data-element_type=\"section\" data-e-type=\"section\">\n\t\t\t\t\t\t<div class=\"elementor-container elementor-column-gap-default\">\n\t\t\t\t\t<div class=\"elementor-column elementor-col-100 elementor-top-column elementor-element elementor-element-d0c656e elementor-hidden-desktop elementor-hidden-tablet elementor-hidden-mobile\" data-id=\"d0c656e\" data-element_type=\"column\" data-e-type=\"column\">\n\t\t\t<div class=\"elementor-widget-wrap elementor-element-populated\">\n\t\t\t\t\t\t<div class=\"elementor-element elementor-element-dce2b60 elementor-hidden-desktop elementor-hidden-tablet elementor-hidden-mobile elementor-widget elementor-widget-image\" data-id=\"dce2b60\" data-element_type=\"widget\" data-e-type=\"widget\" data-widget_type=\"image.default\">\n\t\t\t\t<div class=\"elementor-widget-container\">\n\t\t\t\t\t\t\t\t\t\t\t\t\t\t\t\t<a href=\"https:\/\/forms.office.com\/r\/dRdp562zj3\">\n\t\t\t\t\t\t\t<img decoding=\"async\" width=\"768\" height=\"768\" src=\"https:\/\/djk-hiltrop.com\/kinderturnen-klein\/wp-content\/uploads\/sites\/11\/2022\/12\/Sign_Up-768x768.png\" class=\"attachment-medium_large size-medium_large wp-image-200\" alt=\"\" srcset=\"https:\/\/djk-hiltrop.com\/kinderturnen-klein\/wp-content\/uploads\/sites\/11\/2022\/12\/Sign_Up-768x768.png 768w, https:\/\/djk-hiltrop.com\/kinderturnen-klein\/wp-content\/uploads\/sites\/11\/2022\/12\/Sign_Up-300x300.png 300w, https:\/\/djk-hiltrop.com\/kinderturnen-klein\/wp-content\/uploads\/sites\/11\/2022\/12\/Sign_Up-1024x1024.png 1024w, https:\/\/djk-hiltrop.com\/kinderturnen-klein\/wp-content\/uploads\/sites\/11\/2022\/12\/Sign_Up-150x150.png 150w, https:\/\/djk-hiltrop.com\/kinderturnen-klein\/wp-content\/uploads\/sites\/11\/2022\/12\/Sign_Up.png 1080w\" sizes=\"(max-width: 768px) 100vw, 768px\" \/>\t\t\t\t\t\t\t\t<\/a>\n\t\t\t\t\t\t\t\t\t\t\t\t\t\t\t<\/div>\n\t\t\t\t<\/div>\n\t\t\t\t\t<\/div>\n\t\t<\/div>\n\t\t\t\t\t<\/div>\n\t\t<\/section>\n\t\t\t\t<section class=\"elementor-section elementor-top-section elementor-element elementor-element-9468540 elementor-section-boxed elementor-section-height-default elementor-section-height-default\" data-id=\"9468540\" data-element_type=\"section\" data-e-type=\"section\">\n\t\t\t\t\t\t<div class=\"elementor-container elementor-column-gap-default\">\n\t\t\t\t\t<div class=\"elementor-column elementor-col-100 elementor-top-column elementor-element elementor-element-b752ccc\" data-id=\"b752ccc\" data-element_type=\"column\" data-e-type=\"column\">\n\t\t\t<div class=\"elementor-widget-wrap elementor-element-populated\">\n\t\t\t\t\t\t<div class=\"elementor-element elementor-element-a2e00f8 elementor-widget elementor-widget-image\" data-id=\"a2e00f8\" data-element_type=\"widget\" data-e-type=\"widget\" data-widget_type=\"image.default\">\n\t\t\t\t<div class=\"elementor-widget-container\">\n\t\t\t\t\t\t\t\t\t\t\t\t\t\t\t\t<a href=\"https:\/\/forms.office.com\/r\/dRdp562zj3\">\n\t\t\t\t\t\t\t<img loading=\"lazy\" decoding=\"async\" width=\"900\" height=\"900\" src=\"https:\/\/djk-hiltrop.com\/kinderturnen-klein\/wp-content\/uploads\/sites\/11\/2022\/12\/Sign_Up-1024x1024.png\" class=\"attachment-large size-large wp-image-200\" alt=\"\" srcset=\"https:\/\/djk-hiltrop.com\/kinderturnen-klein\/wp-content\/uploads\/sites\/11\/2022\/12\/Sign_Up-1024x1024.png 1024w, https:\/\/djk-hiltrop.com\/kinderturnen-klein\/wp-content\/uploads\/sites\/11\/2022\/12\/Sign_Up-300x300.png 300w, https:\/\/djk-hiltrop.com\/kinderturnen-klein\/wp-content\/uploads\/sites\/11\/2022\/12\/Sign_Up-150x150.png 150w, https:\/\/djk-hiltrop.com\/kinderturnen-klein\/wp-content\/uploads\/sites\/11\/2022\/12\/Sign_Up-768x768.png 768w, https:\/\/djk-hiltrop.com\/kinderturnen-klein\/wp-content\/uploads\/sites\/11\/2022\/12\/Sign_Up.png 1080w\" sizes=\"(max-width: 900px) 100vw, 900px\" \/>\t\t\t\t\t\t\t\t<\/a>\n\t\t\t\t\t\t\t\t\t\t\t\t\t\t\t<\/div>\n\t\t\t\t<\/div>\n\t\t\t\t\t<\/div>\n\t\t<\/div>\n\t\t\t\t\t<\/div>\n\t\t<\/section>\n\t\t\t\t<section class=\"elementor-section elementor-top-section elementor-element elementor-element-d2b0f19 elementor-hidden-tablet elementor-hidden-mobile elementor-section-boxed elementor-section-height-default elementor-section-height-default\" data-id=\"d2b0f19\" data-element_type=\"section\" data-e-type=\"section\">\n\t\t\t\t\t\t<div class=\"elementor-container elementor-column-gap-default\">\n\t\t\t\t\t<div class=\"elementor-column elementor-col-100 elementor-top-column elementor-element elementor-element-df9d81f\" data-id=\"df9d81f\" data-element_type=\"column\" data-e-type=\"column\">\n\t\t\t<div class=\"elementor-widget-wrap elementor-element-populated\">\n\t\t\t\t\t\t<div class=\"elementor-element elementor-element-c21127d elementor-arrows-position-inside elementor-pagination-position-outside elementor-widget elementor-widget-image-carousel\" data-id=\"c21127d\" data-element_type=\"widget\" data-e-type=\"widget\" data-settings=\"{&quot;navigation&quot;:&quot;both&quot;,&quot;autoplay&quot;:&quot;yes&quot;,&quot;pause_on_hover&quot;:&quot;yes&quot;,&quot;pause_on_interaction&quot;:&quot;yes&quot;,&quot;autoplay_speed&quot;:5000,&quot;infinite&quot;:&quot;yes&quot;,&quot;speed&quot;:500}\" data-widget_type=\"image-carousel.default\">\n\t\t\t\t<div class=\"elementor-widget-container\">\n\t\t\t\t\t\t\t<div class=\"elementor-image-carousel-wrapper swiper\" role=\"region\" aria-roledescription=\"carousel\" aria-label=\"Bild Karussell\" dir=\"ltr\">\n\t\t\t<div class=\"elementor-image-carousel swiper-wrapper swiper-image-stretch\" aria-live=\"off\">\n\t\t\t\t\t\t\t\t<div class=\"swiper-slide\" role=\"group\" aria-roledescription=\"slide\" aria-label=\"1 von 4\"><figure class=\"swiper-slide-inner\"><img decoding=\"async\" class=\"swiper-slide-image\" src=\"https:\/\/djk-hiltrop.com\/kinderturnen-klein\/wp-content\/uploads\/sites\/11\/2021\/11\/web_motiv_619d44cee3df03.62200205-400x311.jpg\" alt=\"web_motiv_619d44cee3df03.62200205\" \/><\/figure><\/div><div class=\"swiper-slide\" role=\"group\" aria-roledescription=\"slide\" aria-label=\"2 von 4\"><figure class=\"swiper-slide-inner\"><img decoding=\"async\" class=\"swiper-slide-image\" src=\"https:\/\/djk-hiltrop.com\/kinderturnen-klein\/wp-content\/uploads\/sites\/11\/2021\/11\/web_motiv_619d441034efe3.86646219-400x311.jpg\" alt=\"web_motiv_619d441034efe3.86646219\" \/><\/figure><\/div><div class=\"swiper-slide\" role=\"group\" aria-roledescription=\"slide\" aria-label=\"3 von 4\"><figure class=\"swiper-slide-inner\"><img decoding=\"async\" class=\"swiper-slide-image\" src=\"https:\/\/djk-hiltrop.com\/kinderturnen-klein\/wp-content\/uploads\/sites\/11\/2021\/11\/web_motiv_619d468ad02d87.43670258-400x311.jpg\" alt=\"web_motiv_619d468ad02d87.43670258\" \/><\/figure><\/div><div class=\"swiper-slide\" role=\"group\" aria-roledescription=\"slide\" aria-label=\"4 von 4\"><figure class=\"swiper-slide-inner\"><img decoding=\"async\" class=\"swiper-slide-image\" src=\"https:\/\/djk-hiltrop.com\/kinderturnen-klein\/wp-content\/uploads\/sites\/11\/2021\/11\/web_motiv_619d478f434543.99789039-400x311.jpg\" alt=\"web_motiv_619d478f434543.99789039\" \/><\/figure><\/div>\t\t\t<\/div>\n\t\t\t\t\t\t\t\t\t\t\t\t<div class=\"elementor-swiper-button elementor-swiper-button-prev\" role=\"button\" tabindex=\"0\">\n\t\t\t\t\t\t<i aria-hidden=\"true\" class=\"eicon-chevron-left\"><\/i>\t\t\t\t\t<\/div>\n\t\t\t\t\t<div class=\"elementor-swiper-button elementor-swiper-button-next\" role=\"button\" tabindex=\"0\">\n\t\t\t\t\t\t<i aria-hidden=\"true\" class=\"eicon-chevron-right\"><\/i>\t\t\t\t\t<\/div>\n\t\t\t\t\n\t\t\t\t\t\t\t\t\t<div class=\"swiper-pagination\"><\/div>\n\t\t\t\t\t\t\t\t\t<\/div>\n\t\t\t\t\t\t<\/div>\n\t\t\t\t<\/div>\n\t\t\t\t\t<\/div>\n\t\t<\/div>\n\t\t\t\t\t<\/div>\n\t\t<\/section>\n\t\t\t\t<\/div>\n\t\t","protected":false},"excerpt":{"rendered":"<p>https:\/\/djk-hiltrop.com\/kinderturnen-klein\/wp-content\/uploads\/sites\/11\/2022\/02\/KIndersport.mp4#t=2 Hier k\u00f6nnen die Kinder das erste Mal ohne ein Elternteil spielerisch Bewegungserfahrungen sammeln und Grundf\u00e4higkeiten, wie z.b Balancieren, H\u00fcpfen, Schwingen und Rollen vertiefen. Besonders die aufgebauten Bewegungslandschaften, laden hier zum spielerischen Erlernen von Bewegungen ein.Beim Kinderturnen erweitern die Kinder ihre Sozialkompetenzen, indem sie gemeinsam Bewegungsaufgaben bew\u00e4ltigen und bei Spielen[&#8230;]<\/p>\n<p> <a class=\"continue-reading-link\" href=\"https:\/\/djk-hiltrop.com\/kinderturnen-klein\/\"><span>Weiterlesen<\/span><i class=\"crycon-right-dir\"><\/i><\/a> <\/p>\n","protected":false},"author":1,"featured_media":0,"parent":0,"menu_order":0,"comment_status":"closed","ping_status":"closed","template":"","meta":{"footnotes":""},"class_list":["post-12","page","type-page","status-publish","hentry"],"_links":{"self":[{"href":"https:\/\/djk-hiltrop.com\/kinderturnen-klein\/wp-json\/wp\/v2\/pages\/12","targetHints":{"allow":["GET"]}}],"collection":[{"href":"https:\/\/djk-hiltrop.com\/kinderturnen-klein\/wp-json\/wp\/v2\/pages"}],"about":[{"href":"https:\/\/djk-hiltrop.com\/kinderturnen-klein\/wp-json\/wp\/v2\/types\/page"}],"author":[{"embeddable":true,"href":"https:\/\/djk-hiltrop.com\/kinderturnen-klein\/wp-json\/wp\/v2\/users\/1"}],"replies":[{"embeddable":true,"href":"https:\/\/djk-hiltrop.com\/kinderturnen-klein\/wp-json\/wp\/v2\/comments?post=12"}],"version-history":[{"count":112,"href":"https:\/\/djk-hiltrop.com\/kinderturnen-klein\/wp-json\/wp\/v2\/pages\/12\/revisions"}],"predecessor-version":[{"id":252,"href":"https:\/\/djk-hiltrop.com\/kinderturnen-klein\/wp-json\/wp\/v2\/pages\/12\/revisions\/252"}],"wp:attachment":[{"href":"https:\/\/djk-hiltrop.com\/kinderturnen-klein\/wp-json\/wp\/v2\/media?parent=12"}],"curies":[{"name":"wp","href":"https:\/\/api.w.org\/{rel}","templated":true}]}}