{"id":12,"date":"2020-08-10T17:22:15","date_gmt":"2020-08-10T15:22:15","guid":{"rendered":"https:\/\/djk-hiltrop.com\/ju-jutsu\/?page_id=11"},"modified":"2026-02-02T19:50:46","modified_gmt":"2026-02-02T18:50:46","slug":"judo","status":"publish","type":"page","link":"https:\/\/djk-hiltrop.com\/judo\/","title":{"rendered":"Judo"},"content":{"rendered":"\t\t<div data-elementor-type=\"wp-page\" data-elementor-id=\"12\" class=\"elementor elementor-12\" data-elementor-post-type=\"page\">\n\t\t\t\t\t\t<section class=\"elementor-section elementor-top-section elementor-element elementor-element-33110ec elementor-section-boxed elementor-section-height-default elementor-section-height-default\" data-id=\"33110ec\" data-element_type=\"section\" data-e-type=\"section\">\n\t\t\t\t\t\t<div class=\"elementor-container elementor-column-gap-default\">\n\t\t\t\t\t<div class=\"elementor-column elementor-col-100 elementor-top-column elementor-element elementor-element-4856349\" data-id=\"4856349\" data-element_type=\"column\" data-e-type=\"column\">\n\t\t\t<div class=\"elementor-widget-wrap elementor-element-populated\">\n\t\t\t\t\t\t<div class=\"elementor-element elementor-element-a4394b5 elementor-widget elementor-widget-text-editor\" data-id=\"a4394b5\" data-element_type=\"widget\" data-e-type=\"widget\" data-widget_type=\"text-editor.default\">\n\t\t\t\t<div class=\"elementor-widget-container\">\n\t\t\t\t\t\t\t\t\t<blockquote><p><strong><span style=\"color: #339966;\">Judo<\/span><\/strong><\/p><p><span style=\"color: #000000;\">(japanisch f\u00fcr: der sanfte Weg) ist eine moderne, olympische Zweikampf-Sportart.<\/span><\/p><\/blockquote><p><span style=\"color: #000000;\">Judo trainiert den ganzen K\u00f6rper. Die besondere F\u00f6rderung der Koordination durch Judo ist vor allem f\u00fcr Kinder wertvoll. Judo bietet die M\u00f6glichkeit, in fairen, regelgeleiteten (Wett-) K\u00e4mpfen Kr\u00e4fte zu messen und Siegen und auch Verlieren zu lernen.<\/span><\/p><p><span style=\"color: #000000;\">Beim Training setzen sich die Judoka unmittelbar und sehr intensiv mit ihren Partnern auseinander. Verantwortung f\u00fcr sich selbst und f\u00fcr den Partner stehen dabei im Vordergrund. Dies sind wichtige Erfahrungen im Sinne der Gewaltpr\u00e4vention.<\/span><\/p><p><span style=\"color: #000000;\">Judo st\u00e4rkt das Selbstvertrauen. Dieser Aspekt ist auch f\u00fcr Kinder im Sinne der Selbstbehauptung interessant. Durch das Wettkampf &#8211; und das G\u00fcrtelpr\u00fcfungssystem ist Judo eine Sportart, die Kinder lange faszinieren kann.<\/span><\/p>\t\t\t\t\t\t\t\t<\/div>\n\t\t\t\t<\/div>\n\t\t\t\t\t<\/div>\n\t\t<\/div>\n\t\t\t\t\t<\/div>\n\t\t<\/section>\n\t\t\t\t<section class=\"elementor-section elementor-top-section elementor-element elementor-element-e9a50b3 elementor-section-boxed elementor-section-height-default elementor-section-height-default\" data-id=\"e9a50b3\" data-element_type=\"section\" data-e-type=\"section\">\n\t\t\t\t\t\t<div class=\"elementor-container elementor-column-gap-default\">\n\t\t\t\t\t<div class=\"elementor-column elementor-col-100 elementor-top-column elementor-element elementor-element-b809dc3\" data-id=\"b809dc3\" data-element_type=\"column\" data-e-type=\"column\">\n\t\t\t<div class=\"elementor-widget-wrap elementor-element-populated\">\n\t\t\t\t\t\t<div class=\"elementor-element elementor-element-fa4e4b3 elementor-widget elementor-widget-image\" data-id=\"fa4e4b3\" data-element_type=\"widget\" data-e-type=\"widget\" data-widget_type=\"image.default\">\n\t\t\t\t<div class=\"elementor-widget-container\">\n\t\t\t\t\t\t\t\t\t\t\t\t\t\t\t<img fetchpriority=\"high\" decoding=\"async\" width=\"900\" height=\"900\" src=\"https:\/\/djk-hiltrop.com\/judo\/wp-content\/uploads\/sites\/2\/2026\/02\/Neuigkeiten-1024x1024.png\" class=\"attachment-large size-large wp-image-214\" alt=\"\" srcset=\"https:\/\/djk-hiltrop.com\/judo\/wp-content\/uploads\/sites\/2\/2026\/02\/Neuigkeiten-1024x1024.png 1024w, https:\/\/djk-hiltrop.com\/judo\/wp-content\/uploads\/sites\/2\/2026\/02\/Neuigkeiten-300x300.png 300w, https:\/\/djk-hiltrop.com\/judo\/wp-content\/uploads\/sites\/2\/2026\/02\/Neuigkeiten-150x150.png 150w, https:\/\/djk-hiltrop.com\/judo\/wp-content\/uploads\/sites\/2\/2026\/02\/Neuigkeiten-768x768.png 768w, https:\/\/djk-hiltrop.com\/judo\/wp-content\/uploads\/sites\/2\/2026\/02\/Neuigkeiten.png 1080w\" sizes=\"(max-width: 900px) 100vw, 900px\" \/>\t\t\t\t\t\t\t\t\t\t\t\t\t\t\t<\/div>\n\t\t\t\t<\/div>\n\t\t\t\t\t<\/div>\n\t\t<\/div>\n\t\t\t\t\t<\/div>\n\t\t<\/section>\n\t\t\t\t<section class=\"elementor-section elementor-top-section elementor-element elementor-element-46d4152 elementor-section-boxed elementor-section-height-default elementor-section-height-default\" data-id=\"46d4152\" data-element_type=\"section\" data-e-type=\"section\">\n\t\t\t\t\t\t<div class=\"elementor-container elementor-column-gap-default\">\n\t\t\t\t\t<div class=\"elementor-column elementor-col-100 elementor-top-column elementor-element elementor-element-29bb303\" data-id=\"29bb303\" data-element_type=\"column\" data-e-type=\"column\">\n\t\t\t<div class=\"elementor-widget-wrap elementor-element-populated\">\n\t\t\t\t\t\t<div class=\"elementor-element elementor-element-ff0ae15 elementor-hidden-desktop elementor-hidden-tablet elementor-hidden-mobile elementor-widget elementor-widget-image\" data-id=\"ff0ae15\" data-element_type=\"widget\" data-e-type=\"widget\" data-widget_type=\"image.default\">\n\t\t\t\t<div class=\"elementor-widget-container\">\n\t\t\t\t\t\t\t\t\t\t\t\t<figure class=\"wp-caption\">\n\t\t\t\t\t\t\t\t\t\t<img decoding=\"async\" width=\"900\" height=\"468\" src=\"https:\/\/djk-hiltrop.com\/judo\/wp-content\/uploads\/sites\/2\/2023\/04\/20230420_154457_0000-1-1024x533.png\" class=\"attachment-large size-large wp-image-191\" alt=\"\" srcset=\"https:\/\/djk-hiltrop.com\/judo\/wp-content\/uploads\/sites\/2\/2023\/04\/20230420_154457_0000-1-1024x533.png 1024w, https:\/\/djk-hiltrop.com\/judo\/wp-content\/uploads\/sites\/2\/2023\/04\/20230420_154457_0000-1-300x156.png 300w, https:\/\/djk-hiltrop.com\/judo\/wp-content\/uploads\/sites\/2\/2023\/04\/20230420_154457_0000-1-768x400.png 768w, https:\/\/djk-hiltrop.com\/judo\/wp-content\/uploads\/sites\/2\/2023\/04\/20230420_154457_0000-1-1536x800.png 1536w, https:\/\/djk-hiltrop.com\/judo\/wp-content\/uploads\/sites\/2\/2023\/04\/20230420_154457_0000-1-150x78.png 150w, https:\/\/djk-hiltrop.com\/judo\/wp-content\/uploads\/sites\/2\/2023\/04\/20230420_154457_0000-1.png 1920w\" sizes=\"(max-width: 900px) 100vw, 900px\" \/>\t\t\t\t\t\t\t\t\t\t\t<figcaption class=\"widget-image-caption wp-caption-text\">Trainingszeiten<\/figcaption>\n\t\t\t\t\t\t\t\t\t\t<\/figure>\n\t\t\t\t\t\t\t\t\t<\/div>\n\t\t\t\t<\/div>\n\t\t\t\t\t<\/div>\n\t\t<\/div>\n\t\t\t\t\t<\/div>\n\t\t<\/section>\n\t\t\t\t<section class=\"elementor-section elementor-top-section elementor-element elementor-element-9fea8b5 elementor-hidden-desktop elementor-hidden-tablet elementor-hidden-mobile elementor-section-boxed elementor-section-height-default elementor-section-height-default\" data-id=\"9fea8b5\" data-element_type=\"section\" data-e-type=\"section\">\n\t\t\t\t\t\t<div class=\"elementor-container elementor-column-gap-default\">\n\t\t\t\t\t<div class=\"elementor-column elementor-col-100 elementor-top-column elementor-element elementor-element-7593ef7\" data-id=\"7593ef7\" data-element_type=\"column\" data-e-type=\"column\">\n\t\t\t<div class=\"elementor-widget-wrap elementor-element-populated\">\n\t\t\t\t\t\t<div class=\"elementor-element elementor-element-319bb53 elementor-widget elementor-widget-heading\" data-id=\"319bb53\" data-element_type=\"widget\" data-e-type=\"widget\" data-widget_type=\"heading.default\">\n\t\t\t\t<div class=\"elementor-widget-container\">\n\t\t\t\t\t<h2 class=\"elementor-heading-title elementor-size-default\">Judo findet in der Turnhalle der Heinrich-von-Kleist Schule (HVK) statt.\n<!--[if gte mso 9]&gt;-->\n \n  \n \n<!--[if gte mso 9]&gt;-->\n \n  Normal\n  0\n  \n  \n  21\n  \n  \n  false\n  false\n  false\n  \n  DE\n  X-NONE\n  X-NONE\n  \n   \n   \n   \n   \n   \n   \n   \n   \n   \n  \n  \n  \n   \n   \n   \n   \n   \n   \n   \n   \n   \n   \n   \n  \n<!--[if gte mso 9]&gt;-->\n \n  \n  \n  \n  \n  \n  \n  \n  \n  \n  \n  \n  \n  \n  \n  \n  \n  \n  \n  \n  \n  \n  \n  \n  \n  \n  \n  \n  \n  \n  \n  \n  \n  \n  \n  \n  \n  \n  \n  \n  \n  \n  \n  \n  \n  \n  \n  \n  \n  \n  \n  \n  \n  \n  \n  \n  \n  \n  \n  \n  \n  \n  \n  \n  \n  \n  \n  \n  \n  \n  \n  \n  \n  \n  \n  \n  \n  \n  \n  \n  \n  \n  \n  \n  \n  \n  \n  \n  \n  \n  \n  \n  \n  \n  \n  \n  \n  \n  \n  \n  \n  \n  \n  \n  \n  \n  \n  \n  \n  \n  \n  \n  \n  \n  \n  \n  \n  \n  \n  \n  \n  \n  \n  \n  \n  \n  \n  \n  \n  \n  \n  \n  \n  \n  \n  \n  \n  \n  \n  \n  \n  \n  \n  \n  \n  \n  \n  \n  \n  \n  \n  \n  \n  \n  \n  \n  \n  \n  \n  \n  \n  \n  \n  \n  \n  \n  \n  \n  \n  \n  \n  \n  \n  \n  \n  \n  \n  \n  \n  \n  \n  \n  \n  \n  \n  \n  \n  \n  \n  \n  \n  \n  \n  \n  \n  \n  \n  \n  \n  \n  \n  \n  \n  \n  \n  \n  \n  \n  \n  \n  \n  \n  \n  \n  \n  \n  \n  \n  \n  \n  \n  \n  \n  \n  \n  \n  \n  \n  \n  \n  \n  \n  \n  \n  \n  \n  \n  \n  \n  \n  \n  \n  \n  \n  \n  \n  \n  \n  \n  \n  \n  \n  \n  \n  \n  \n  \n  \n  \n  \n  \n  \n  \n  \n  \n  \n  \n  \n  \n  \n  \n  \n  \n  \n  \n  \n  \n  \n  \n  \n  \n  \n  \n  \n  \n  \n  \n  \n  \n  \n  \n  \n  \n  \n  \n  \n  \n  \n  \n  \n  \n  \n  \n  \n  \n  \n  \n  \n  \n  \n  \n  \n  \n  \n  \n  \n  \n  \n  \n  \n  \n  \n  \n  \n  \n  \n  \n  \n  \n  \n  \n  \n  \n  \n  \n  \n  \n  \n  \n  \n  \n  \n  \n  \n  \n  \n  \n  \n  \n  \n  \n  \n  \n  \n  \n  \n  \n  \n  \n  \n  \n  \n  \n  \n  \n  \n  \n  \n  \n  \n  \n  \n  \n  \n  \n  \n  \n \n<\/h2>\t\t\t\t<\/div>\n\t\t\t\t<\/div>\n\t\t\t\t\t<\/div>\n\t\t<\/div>\n\t\t\t\t\t<\/div>\n\t\t<\/section>\n\t\t\t\t<section class=\"elementor-section elementor-top-section elementor-element elementor-element-996e353 elementor-section-boxed elementor-section-height-default elementor-section-height-default\" data-id=\"996e353\" data-element_type=\"section\" data-e-type=\"section\" data-settings=\"{&quot;background_background&quot;:&quot;classic&quot;}\">\n\t\t\t\t\t\t<div class=\"elementor-container elementor-column-gap-default\">\n\t\t\t\t\t<div class=\"elementor-column elementor-col-100 elementor-top-column elementor-element elementor-element-9fd5ef9\" data-id=\"9fd5ef9\" data-element_type=\"column\" data-e-type=\"column\">\n\t\t\t<div class=\"elementor-widget-wrap elementor-element-populated\">\n\t\t\t\t\t\t<div class=\"elementor-element elementor-element-6357f60 elementor-widget elementor-widget-text-editor\" data-id=\"6357f60\" data-element_type=\"widget\" data-e-type=\"widget\" data-widget_type=\"text-editor.default\">\n\t\t\t\t<div class=\"elementor-widget-container\">\n\t\t\t\t\t\t\t\t\t<p>Da der Schulparkplatz derzeit eine Baustelle ist, parken Sie am besten auf dem provisorischen Parkplatz an der Lothringer Allee. Von dort f\u00fchrt ein Fu\u00dfweg zur Vorderseite der Halle.<\/p>\n<p>Das Judo Training findet im Gymnastikraum am Ende des langen Ganges auf der linken Seite statt.<\/p>\t\t\t\t\t\t\t\t<\/div>\n\t\t\t\t<\/div>\n\t\t\t\t\t<\/div>\n\t\t<\/div>\n\t\t\t\t\t<\/div>\n\t\t<\/section>\n\t\t\t\t<section class=\"elementor-section elementor-top-section elementor-element elementor-element-c3dc25c elementor-section-boxed elementor-section-height-default elementor-section-height-default\" data-id=\"c3dc25c\" data-element_type=\"section\" data-e-type=\"section\">\n\t\t\t\t\t\t<div class=\"elementor-container elementor-column-gap-default\">\n\t\t\t\t\t<div class=\"elementor-column elementor-col-100 elementor-top-column elementor-element elementor-element-ffa2582\" data-id=\"ffa2582\" data-element_type=\"column\" data-e-type=\"column\">\n\t\t\t<div class=\"elementor-widget-wrap elementor-element-populated\">\n\t\t\t\t\t\t<div class=\"elementor-element elementor-element-a7a64da elementor-widget elementor-widget-google_maps\" data-id=\"a7a64da\" data-element_type=\"widget\" data-e-type=\"widget\" data-widget_type=\"google_maps.default\">\n\t\t\t\t<div class=\"elementor-widget-container\">\n\t\t\t\t\t\t\t<div class=\"elementor-custom-embed\">\n\t\t\t<iframe loading=\"lazy\"\n\t\t\t\t\tsrc=\"https:\/\/maps.google.com\/maps?q=Bochum%2C%20Heinrichstra%C3%9Fe%202&#038;t=m&#038;z=17&#038;output=embed&#038;iwloc=near\"\n\t\t\t\t\ttitle=\"Bochum, Heinrichstra\u00dfe 2\"\n\t\t\t\t\taria-label=\"Bochum, Heinrichstra\u00dfe 2\"\n\t\t\t><\/iframe>\n\t\t<\/div>\n\t\t\t\t\t\t<\/div>\n\t\t\t\t<\/div>\n\t\t\t\t\t<\/div>\n\t\t<\/div>\n\t\t\t\t\t<\/div>\n\t\t<\/section>\n\t\t\t\t<section class=\"elementor-section elementor-top-section elementor-element elementor-element-fbc257f elementor-section-boxed elementor-section-height-default elementor-section-height-default\" data-id=\"fbc257f\" data-element_type=\"section\" data-e-type=\"section\">\n\t\t\t\t\t\t<div class=\"elementor-container elementor-column-gap-default\">\n\t\t\t\t\t<div class=\"elementor-column elementor-col-100 elementor-top-column elementor-element elementor-element-b4b3a63\" data-id=\"b4b3a63\" data-element_type=\"column\" data-e-type=\"column\">\n\t\t\t<div class=\"elementor-widget-wrap elementor-element-populated\">\n\t\t\t\t\t\t<div class=\"elementor-element elementor-element-2f34dbe elementor-widget elementor-widget-image\" data-id=\"2f34dbe\" data-element_type=\"widget\" data-e-type=\"widget\" data-widget_type=\"image.default\">\n\t\t\t\t<div class=\"elementor-widget-container\">\n\t\t\t\t\t\t\t\t\t\t\t\t\t\t\t\t<a href=\"https:\/\/forms.office.com\/r\/TUGMtYnmgB\">\n\t\t\t\t\t\t\t<img decoding=\"async\" width=\"500\" height=\"500\" src=\"https:\/\/djk-hiltrop.com\/judo\/wp-content\/uploads\/sites\/2\/2023\/01\/judo@djk-hiltrop.de_.png\" class=\"attachment-large size-large wp-image-164\" alt=\"\" srcset=\"https:\/\/djk-hiltrop.com\/judo\/wp-content\/uploads\/sites\/2\/2023\/01\/judo@djk-hiltrop.de_.png 500w, https:\/\/djk-hiltrop.com\/judo\/wp-content\/uploads\/sites\/2\/2023\/01\/judo@djk-hiltrop.de_-300x300.png 300w, https:\/\/djk-hiltrop.com\/judo\/wp-content\/uploads\/sites\/2\/2023\/01\/judo@djk-hiltrop.de_-150x150.png 150w\" sizes=\"(max-width: 500px) 100vw, 500px\" \/>\t\t\t\t\t\t\t\t<\/a>\n\t\t\t\t\t\t\t\t\t\t\t\t\t\t\t<\/div>\n\t\t\t\t<\/div>\n\t\t\t\t\t<\/div>\n\t\t<\/div>\n\t\t\t\t\t<\/div>\n\t\t<\/section>\n\t\t\t\t<section class=\"elementor-section elementor-top-section elementor-element elementor-element-9b8c33b elementor-section-boxed elementor-section-height-default elementor-section-height-default\" data-id=\"9b8c33b\" data-element_type=\"section\" data-e-type=\"section\">\n\t\t\t\t\t\t<div class=\"elementor-container elementor-column-gap-default\">\n\t\t\t\t\t<div class=\"elementor-column elementor-col-50 elementor-top-column elementor-element elementor-element-e9bd702\" data-id=\"e9bd702\" data-element_type=\"column\" data-e-type=\"column\">\n\t\t\t<div class=\"elementor-widget-wrap elementor-element-populated\">\n\t\t\t\t\t\t<div class=\"elementor-element elementor-element-8e32df1 elementor-widget elementor-widget-image\" data-id=\"8e32df1\" data-element_type=\"widget\" data-e-type=\"widget\" data-widget_type=\"image.default\">\n\t\t\t\t<div class=\"elementor-widget-container\">\n\t\t\t\t\t\t\t\t\t\t\t\t\t\t\t\t<a href=\"https:\/\/www.judobund.de\/start\/\">\n\t\t\t\t\t\t\t<img loading=\"lazy\" decoding=\"async\" width=\"266\" height=\"99\" src=\"https:\/\/djk-hiltrop.com\/judo\/wp-content\/uploads\/sites\/2\/2020\/11\/logo_djb.png\" class=\"attachment-large size-large wp-image-59\" alt=\"Deutscher Judo-Bund e.V.\" \/>\t\t\t\t\t\t\t\t<\/a>\n\t\t\t\t\t\t\t\t\t\t\t\t\t\t\t<\/div>\n\t\t\t\t<\/div>\n\t\t\t\t\t<\/div>\n\t\t<\/div>\n\t\t\t\t<div class=\"elementor-column elementor-col-50 elementor-top-column elementor-element elementor-element-2ffe088\" data-id=\"2ffe088\" data-element_type=\"column\" data-e-type=\"column\">\n\t\t\t<div class=\"elementor-widget-wrap elementor-element-populated\">\n\t\t\t\t\t\t<div class=\"elementor-element elementor-element-8e06561 elementor-widget elementor-widget-image\" data-id=\"8e06561\" data-element_type=\"widget\" data-e-type=\"widget\" data-widget_type=\"image.default\">\n\t\t\t\t<div class=\"elementor-widget-container\">\n\t\t\t\t\t\t\t\t\t\t\t\t\t\t\t\t<a href=\"http:\/\/www.nwjv.de\" target=\"_blank\" rel=\"nofollow\">\n\t\t\t\t\t\t\t<img loading=\"lazy\" decoding=\"async\" width=\"266\" height=\"51\" src=\"https:\/\/djk-hiltrop.com\/judo\/wp-content\/uploads\/sites\/2\/2020\/11\/nwjv-logo.jpg\" class=\"attachment-large size-large wp-image-61\" alt=\"NWJV\" srcset=\"https:\/\/djk-hiltrop.com\/judo\/wp-content\/uploads\/sites\/2\/2020\/11\/nwjv-logo.jpg 266w, https:\/\/djk-hiltrop.com\/judo\/wp-content\/uploads\/sites\/2\/2020\/11\/nwjv-logo-150x29.jpg 150w\" sizes=\"(max-width: 266px) 100vw, 266px\" \/>\t\t\t\t\t\t\t\t<\/a>\n\t\t\t\t\t\t\t\t\t\t\t\t\t\t\t<\/div>\n\t\t\t\t<\/div>\n\t\t\t\t\t<\/div>\n\t\t<\/div>\n\t\t\t\t\t<\/div>\n\t\t<\/section>\n\t\t\t\t<\/div>\n\t\t","protected":false},"excerpt":{"rendered":"<p>Judo (japanisch f\u00fcr: der sanfte Weg) ist eine moderne, olympische Zweikampf-Sportart. Judo trainiert den ganzen K\u00f6rper. Die besondere F\u00f6rderung der Koordination durch Judo ist vor allem f\u00fcr Kinder wertvoll. Judo bietet die M\u00f6glichkeit, in fairen, regelgeleiteten (Wett-) K\u00e4mpfen Kr\u00e4fte zu messen und Siegen und auch Verlieren zu lernen. Beim Training[&#8230;]<\/p>\n<p> <a class=\"continue-reading-link\" href=\"https:\/\/djk-hiltrop.com\/judo\/\"><span>Weiterlesen<\/span><i class=\"crycon-right-dir\"><\/i><\/a> <\/p>\n","protected":false},"author":1,"featured_media":0,"parent":0,"menu_order":0,"comment_status":"closed","ping_status":"closed","template":"","meta":{"footnotes":""},"class_list":["post-12","page","type-page","status-publish","hentry"],"_links":{"self":[{"href":"https:\/\/djk-hiltrop.com\/judo\/wp-json\/wp\/v2\/pages\/12","targetHints":{"allow":["GET"]}}],"collection":[{"href":"https:\/\/djk-hiltrop.com\/judo\/wp-json\/wp\/v2\/pages"}],"about":[{"href":"https:\/\/djk-hiltrop.com\/judo\/wp-json\/wp\/v2\/types\/page"}],"author":[{"embeddable":true,"href":"https:\/\/djk-hiltrop.com\/judo\/wp-json\/wp\/v2\/users\/1"}],"replies":[{"embeddable":true,"href":"https:\/\/djk-hiltrop.com\/judo\/wp-json\/wp\/v2\/comments?post=12"}],"version-history":[{"count":29,"href":"https:\/\/djk-hiltrop.com\/judo\/wp-json\/wp\/v2\/pages\/12\/revisions"}],"predecessor-version":[{"id":217,"href":"https:\/\/djk-hiltrop.com\/judo\/wp-json\/wp\/v2\/pages\/12\/revisions\/217"}],"wp:attachment":[{"href":"https:\/\/djk-hiltrop.com\/judo\/wp-json\/wp\/v2\/media?parent=12"}],"curies":[{"name":"wp","href":"https:\/\/api.w.org\/{rel}","templated":true}]}}