{"id":83,"date":"2020-07-05T22:25:12","date_gmt":"2020-07-05T22:25:12","guid":{"rendered":"http:\/\/ju-jutsu.djk-hiltrop.com\/?page_id=82"},"modified":"2020-07-05T22:25:12","modified_gmt":"2020-07-05T22:25:12","slug":"offener-brief-von-fred-maro","status":"publish","type":"page","link":"https:\/\/djk-hiltrop.com\/ju-jutsu\/corona\/offener-brief-von-fred-maro\/","title":{"rendered":"Offener Brief von Fred Maro"},"content":{"rendered":"\n<p>Liebe Ju-Jutsuka,<\/p>\n\n\n\n<p>seit Montag 15. Juni 2020 gilt die neue Corona-Schutzverordnung.<\/p>\n\n\n\n<p>Nach R\u00fccksprache mit der Landesregierung NRW gestattet diese am Montag in eingeschr\u00e4nktem Rahmen das Kontaktsport-Training f\u00fcr Gruppen von max. 10 Personen.<\/p>\n\n\n\n<p>Wir empfehlen, die Schutzverordnung genau durchzulesen (dort speziell Punkt 1 und 4.) Sie kann unter <a rel=\"noreferrer noopener\" href=\"https:\/\/www.land.nrw\/corona\" target=\"_blank\">https:\/\/www.land.nrw\/corona<\/a> eingesehen\/heruntergeladen werden.<\/p>\n\n\n\n<p>In diesem Zusammenhang empfiehlt der NWJJVeV au\u00dferdem, folgende Punkte strikt zu beachten:<\/p>\n\n\n\n<ul class=\"wp-block-list\"><li>Aufgrund der immer noch kritischen Reproduktionszahlen kann sich auch diese neue Verordnung ganz schnell \u00e4ndern. Bitte vor Entscheidungen unter<a href=\"https:\/\/www.land.nrw\/corona\"> https:\/\/www.land.nrw\/corona<\/a> immer erneut pr\u00fcfen.<\/li><li>Es muss unbedingt und individuell gepr\u00fcft werden, ob eine extra Genehmigung des \u00f6rtlichen Ordnungsamtes einzuholen ist. Diese kann von Entscheidungen anderer Ordnungs\u00e4mter abweichen.<\/li><li>Ungeachtet der aktuellen Verordnung sind alle Hygienevorschriften des lokalen Ordnungsamtes strikt zu beachten.<\/li><li>Vorschriften wie z.B. Zu- und Abg\u00e4nge, Umkleidevorschriften, Mattenpflege und (nicht vergessen!) Dokumentation m\u00fcssen strikt eingehalten werden.<\/li><li>Wir empfehlen, geplante Trainings (so zutreffend) vorab(!) auch mit den jeweiligen Vereinen intern abzusprechen.<\/li><li>Die gestatteten Gruppen von 10 Personen in einer Halle verstehen sich inclusive(!) Trainer.<\/li><li>Zuschauer (z.B. Eltern) in derselben Halle k\u00f6nnten somit schon verboten sein.<\/li><\/ul>\n\n\n\n<p>\u2014\u2014\u2014\u2014\u2014\u2014\u2014\u2014\u2014\u2014\u2014\u2014-<br>Anmerkung:<br>Bitte seid Euch bewusst, dass jede Trainingsgruppe gro\u00dfe Verantwortung f\u00fcr alle hat.. Es darf nie vergessen werden, dass auch Menschen den Virus \u00fcbertragen k\u00f6nnen, die selbst keinerlei Symptome aufweisen.<br>\u2014\u2014\u2014\u2014\u2014\u2014\u2014\u2014\u2014\u2014\u2014\u2014\u2014\u2014\u2014\u2014\u2014\u2014\u2014\u2014\u2014\u2014-<br>Ich danke f\u00fcr Eure Kooperation!\u201c<br>Bleibt gesund!<br>Liebe Gr\u00fc\u00dfe<br>Euer<br>Fred Maro<br>Pr\u00e4sident NWJJV e.V.<\/p>\n","protected":false},"excerpt":{"rendered":"<p>Liebe Ju-Jutsuka, seit Montag 15. Juni 2020 gilt die neue Corona-Schutzverordnung. Nach R\u00fccksprache mit der Landesregierung NRW gestattet diese am Montag in eingeschr\u00e4nktem Rahmen das Kontaktsport-Training f\u00fcr Gruppen von max. 10 Personen. Wir empfehlen, die Schutzverordnung genau durchzulesen (dort speziell Punkt 1 und 4.) Sie kann unter https:\/\/www.land.nrw\/corona eingesehen\/heruntergeladen werden.[&#8230;]<\/p>\n<p> <a class=\"continue-reading-link\" href=\"https:\/\/djk-hiltrop.com\/ju-jutsu\/corona\/offener-brief-von-fred-maro\/\"><span>Weiterlesen<\/span><i class=\"crycon-right-dir\"><\/i><\/a> <\/p>\n","protected":false},"author":3,"featured_media":0,"parent":82,"menu_order":0,"comment_status":"closed","ping_status":"closed","template":"","meta":{"footnotes":""},"class_list":["post-83","page","type-page","status-publish","hentry"],"_links":{"self":[{"href":"https:\/\/djk-hiltrop.com\/ju-jutsu\/wp-json\/wp\/v2\/pages\/83","targetHints":{"allow":["GET"]}}],"collection":[{"href":"https:\/\/djk-hiltrop.com\/ju-jutsu\/wp-json\/wp\/v2\/pages"}],"about":[{"href":"https:\/\/djk-hiltrop.com\/ju-jutsu\/wp-json\/wp\/v2\/types\/page"}],"author":[{"embeddable":true,"href":"https:\/\/djk-hiltrop.com\/ju-jutsu\/wp-json\/wp\/v2\/users\/3"}],"replies":[{"embeddable":true,"href":"https:\/\/djk-hiltrop.com\/ju-jutsu\/wp-json\/wp\/v2\/comments?post=83"}],"version-history":[{"count":0,"href":"https:\/\/djk-hiltrop.com\/ju-jutsu\/wp-json\/wp\/v2\/pages\/83\/revisions"}],"up":[{"embeddable":true,"href":"https:\/\/djk-hiltrop.com\/ju-jutsu\/wp-json\/wp\/v2\/pages\/82"}],"wp:attachment":[{"href":"https:\/\/djk-hiltrop.com\/ju-jutsu\/wp-json\/wp\/v2\/media?parent=83"}],"curies":[{"name":"wp","href":"https:\/\/api.w.org\/{rel}","templated":true}]}}