{"id":12,"date":"2020-08-10T17:22:15","date_gmt":"2020-08-10T15:22:15","guid":{"rendered":"https:\/\/djk-hiltrop.com\/ju-jutsu\/?page_id=11"},"modified":"2025-02-25T13:54:41","modified_gmt":"2025-02-25T12:54:41","slug":"gesundheitsturnen","status":"publish","type":"page","link":"https:\/\/djk-hiltrop.com\/gesundheitsturnen\/","title":{"rendered":"Gymnastik \/ Gesundheitsturnen"},"content":{"rendered":"\t\t<div data-elementor-type=\"wp-page\" data-elementor-id=\"12\" class=\"elementor elementor-12\">\n\t\t\t\t\t\t<section class=\"elementor-section elementor-top-section elementor-element elementor-element-755c3c9 elementor-section-boxed elementor-section-height-default elementor-section-height-default\" data-id=\"755c3c9\" data-element_type=\"section\" data-e-type=\"section\">\n\t\t\t\t\t\t<div class=\"elementor-container elementor-column-gap-default\">\n\t\t\t\t\t<div class=\"elementor-column elementor-col-100 elementor-top-column elementor-element elementor-element-e536f28\" data-id=\"e536f28\" data-element_type=\"column\" data-e-type=\"column\">\n\t\t\t<div class=\"elementor-widget-wrap elementor-element-populated\">\n\t\t\t\t\t\t<div class=\"elementor-element elementor-element-3baf703 elementor-widget elementor-widget-heading\" data-id=\"3baf703\" data-element_type=\"widget\" data-e-type=\"widget\" data-widget_type=\"heading.default\">\n\t\t\t\t<div class=\"elementor-widget-container\">\n\t\t\t\t\t<h2 class=\"elementor-heading-title elementor-size-default\">Willkommen auf der Seite vom \nGymnastik \/ Gesundheitsturnen<\/h2>\t\t\t\t<\/div>\n\t\t\t\t<\/div>\n\t\t\t\t<div class=\"elementor-element elementor-element-0c0394a elementor-widget elementor-widget-text-editor\" data-id=\"0c0394a\" data-element_type=\"widget\" data-e-type=\"widget\" data-widget_type=\"text-editor.default\">\n\t\t\t\t<div class=\"elementor-widget-container\">\n\t\t\t\t\t\t\t\t\t<p><br><\/p>\n<p><b style=\"mso-bidi-font-weight: normal;\"><span style=\"font-size: 20.0pt; mso-bidi-font-size: 10.0pt; font-family: 'Times New Roman',serif; mso-ansi-language: DE;\">&nbsp;<\/span><\/b><b style=\"mso-bidi-font-weight: normal;\"><span style=\"font-size: 20.0pt; mso-bidi-font-size: 10.0pt; font-family: 'Times New Roman',serif; mso-fareast-font-family: Arial; mso-ansi-language: DE; mso-fareast-language: DE; mso-bidi-language: AR-SA;\">Gymnastik \/ Gesundheitsturnen <\/span><\/b><\/p>\n<p><span style=\"font-size: 16.0pt; mso-bidi-font-size: 10.0pt; font-family: 'Times New Roman',serif; mso-fareast-font-family: Arial; mso-ansi-language: DE; mso-fareast-language: DE; mso-bidi-language: AR-SA;\">F\u00fcr eine intensive R\u00fcckenschulung sorgt die \u00dcbungsleiterin durch ihre fachkundige und kompetente Anleitung. <\/span><\/p>\n<p><span style=\"font-size: 16.0pt; mso-bidi-font-size: 10.0pt; font-family: 'Times New Roman',serif; mso-fareast-font-family: Arial; mso-ansi-language: DE; mso-fareast-language: DE; mso-bidi-language: AR-SA;\">In dem Kurs geht es um Haltung und Bewegung. <\/span><\/p>\n<p><span style=\"font-size: 16.0pt; mso-bidi-font-size: 10.0pt; font-family: 'Times New Roman',serif; mso-fareast-font-family: Arial; mso-ansi-language: DE; mso-fareast-language: DE; mso-bidi-language: AR-SA;\">\u00dcbungen zur St\u00e4rkung des Rumpfes, zur Mobilit\u00e4tserhaltung Stretching, Zirkeltraining und Entspannungs\u00fcbungen werden angeboten. Es wird ein abwechslungsreiches Programm durchgef\u00fchrt.<\/span><\/p>\n<p><span style=\"font-size: 16.0pt; mso-bidi-font-size: 10.0pt; font-family: 'Times New Roman',serif; mso-fareast-font-family: Arial; mso-ansi-language: DE; mso-fareast-language: DE; mso-bidi-language: AR-SA;\">Mit Spass und guter Laune turnen zur Zeit Frauen und M\u00e4nner im Alter zwischen 35 und 80 Jahren.<\/span><\/p>\n<p><span style=\"font-size: 16.0pt; mso-bidi-font-size: 10.0pt; font-family: 'Times New Roman',serif; mso-fareast-font-family: Arial; mso-ansi-language: DE; mso-fareast-language: DE; mso-bidi-language: AR-SA;\">Jedoch sind nach oben und unten hin altersm\u00e4\u00dfig keine Grenzen gesetzt.<\/span><\/p>\n<p><span style=\"font-size: 16.0pt; mso-bidi-font-size: 10.0pt; font-family: 'Times New Roman',serif; mso-fareast-font-family: Arial; mso-ansi-language: DE; mso-fareast-language: DE; mso-bidi-language: AR-SA;\">In zwei Gruppen aufgeteilt, findet das Gesundheitsturnen jeden Mittwoch in der Hilda-Heinemann-Schule, Eifelstrasse 15-17 statt.<\/span><\/p>\n<p><span style=\"font-size: 16.0pt; mso-bidi-font-size: 10.0pt; font-family: 'Times New Roman',serif; mso-ansi-language: DE;\">&nbsp;<\/span><\/p>\n<p><span lang=\"EN-US\" style=\"font-size: 16.0pt; mso-bidi-font-size: 10.0pt; font-family: 'Times New Roman',serif; mso-fareast-font-family: Arial; mso-ansi-language: EN-US; mso-fareast-language: DE; mso-bidi-language: AR-SA;\"><strong>Gruppe1:<\/strong><span style=\"mso-tab-count: 5;\"><strong>&nbsp;&nbsp;<\/strong>&nbsp;&nbsp;&nbsp;&nbsp;&nbsp;&nbsp;&nbsp;&nbsp;&nbsp;&nbsp;&nbsp;&nbsp;&nbsp;&nbsp;&nbsp;&nbsp;&nbsp;&nbsp;&nbsp;&nbsp;&nbsp;&nbsp;&nbsp;&nbsp;&nbsp;&nbsp;&nbsp;&nbsp;&nbsp;&nbsp;&nbsp;&nbsp;&nbsp;&nbsp;&nbsp;&nbsp;&nbsp; <\/span><strong>Gruppe2<\/strong>:<\/span><\/p>\n<p><span lang=\"EN-US\" style=\"font-size: 16.0pt; mso-bidi-font-size: 10.0pt; font-family: 'Times New Roman',serif;\">&nbsp;<\/span><\/p>\n<p><span lang=\"EN-US\" style=\"font-size: 16.0pt; mso-bidi-font-size: 10.0pt; font-family: 'Times New Roman',serif; mso-fareast-font-family: Arial; mso-ansi-language: EN-US; mso-fareast-language: DE; mso-bidi-language: AR-SA;\">Von 19:00 Uhr &#8211; 20:00 Uhr<span style=\"mso-tab-count: 2;\">&nbsp;&nbsp;&nbsp;&nbsp;&nbsp;&nbsp;&nbsp;&nbsp;&nbsp; <\/span>von 20:00 Uhr &#8211; 21:00 Uhr<\/span><\/p>\t\t\t\t\t\t\t\t<\/div>\n\t\t\t\t<\/div>\n\t\t\t\t<div class=\"elementor-element elementor-element-c4ab124 elementor-widget elementor-widget-spacer\" data-id=\"c4ab124\" data-element_type=\"widget\" data-e-type=\"widget\" data-widget_type=\"spacer.default\">\n\t\t\t\t<div class=\"elementor-widget-container\">\n\t\t\t\t\t\t\t<div class=\"elementor-spacer\">\n\t\t\t<div class=\"elementor-spacer-inner\"><\/div>\n\t\t<\/div>\n\t\t\t\t\t\t<\/div>\n\t\t\t\t<\/div>\n\t\t\t\t\t<\/div>\n\t\t<\/div>\n\t\t\t\t\t<\/div>\n\t\t<\/section>\n\t\t\t\t<\/div>\n\t\t","protected":false},"excerpt":{"rendered":"<p>Willkommen auf der Seite vom Gymnastik \/ Gesundheitsturnen &nbsp;Gymnastik \/ Gesundheitsturnen F\u00fcr eine intensive R\u00fcckenschulung sorgt die \u00dcbungsleiterin durch ihre fachkundige und kompetente Anleitung. In dem Kurs geht es um Haltung und Bewegung. \u00dcbungen zur St\u00e4rkung des Rumpfes, zur Mobilit\u00e4tserhaltung Stretching, Zirkeltraining und Entspannungs\u00fcbungen werden angeboten. Es wird ein abwechslungsreiches[&#8230;]<\/p>\n<p> <a class=\"continue-reading-link\" href=\"https:\/\/djk-hiltrop.com\/gesundheitsturnen\/\"><span>Weiterlesen<\/span><i class=\"crycon-right-dir\"><\/i><\/a> <\/p>\n","protected":false},"author":1,"featured_media":0,"parent":0,"menu_order":0,"comment_status":"closed","ping_status":"closed","template":"","meta":{"footnotes":""},"class_list":["post-12","page","type-page","status-publish","hentry"],"_links":{"self":[{"href":"https:\/\/djk-hiltrop.com\/gesundheitsturnen\/wp-json\/wp\/v2\/pages\/12","targetHints":{"allow":["GET"]}}],"collection":[{"href":"https:\/\/djk-hiltrop.com\/gesundheitsturnen\/wp-json\/wp\/v2\/pages"}],"about":[{"href":"https:\/\/djk-hiltrop.com\/gesundheitsturnen\/wp-json\/wp\/v2\/types\/page"}],"author":[{"embeddable":true,"href":"https:\/\/djk-hiltrop.com\/gesundheitsturnen\/wp-json\/wp\/v2\/users\/1"}],"replies":[{"embeddable":true,"href":"https:\/\/djk-hiltrop.com\/gesundheitsturnen\/wp-json\/wp\/v2\/comments?post=12"}],"version-history":[{"count":36,"href":"https:\/\/djk-hiltrop.com\/gesundheitsturnen\/wp-json\/wp\/v2\/pages\/12\/revisions"}],"predecessor-version":[{"id":113,"href":"https:\/\/djk-hiltrop.com\/gesundheitsturnen\/wp-json\/wp\/v2\/pages\/12\/revisions\/113"}],"wp:attachment":[{"href":"https:\/\/djk-hiltrop.com\/gesundheitsturnen\/wp-json\/wp\/v2\/media?parent=12"}],"curies":[{"name":"wp","href":"https:\/\/api.w.org\/{rel}","templated":true}]}}