{"id":12,"date":"2020-08-10T17:22:15","date_gmt":"2020-08-10T15:22:15","guid":{"rendered":"https:\/\/djk-hiltrop.com\/ju-jutsu\/?page_id=11"},"modified":"2026-04-18T17:08:58","modified_gmt":"2026-04-18T15:08:58","slug":"home","status":"publish","type":"page","link":"https:\/\/djk-hiltrop.com\/eltern-kind-turnen\/","title":{"rendered":"Eltern-Kind Turnen"},"content":{"rendered":"\t\t<div data-elementor-type=\"wp-page\" data-elementor-id=\"12\" class=\"elementor elementor-12\" data-elementor-post-type=\"page\">\n\t\t\t\t\t\t<section class=\"elementor-section elementor-top-section elementor-element elementor-element-58b2756 elementor-section-boxed elementor-section-height-default elementor-section-height-default\" data-id=\"58b2756\" data-element_type=\"section\" data-e-type=\"section\">\n\t\t\t\t\t\t<div class=\"elementor-container elementor-column-gap-default\">\n\t\t\t\t\t<div class=\"elementor-column elementor-col-33 elementor-top-column elementor-element elementor-element-60c3923\" data-id=\"60c3923\" data-element_type=\"column\" data-e-type=\"column\">\n\t\t\t<div class=\"elementor-widget-wrap elementor-element-populated\">\n\t\t\t\t\t\t<div class=\"elementor-element elementor-element-b456159 elementor-view-default elementor-widget elementor-widget-icon\" data-id=\"b456159\" data-element_type=\"widget\" data-e-type=\"widget\" data-widget_type=\"icon.default\">\n\t\t\t\t<div class=\"elementor-widget-container\">\n\t\t\t\t\t\t\t<div class=\"elementor-icon-wrapper\">\n\t\t\t<div class=\"elementor-icon\">\n\t\t\t<i aria-hidden=\"true\" class=\"far fa-bell\"><\/i>\t\t\t<\/div>\n\t\t<\/div>\n\t\t\t\t\t\t<\/div>\n\t\t\t\t<\/div>\n\t\t\t\t\t<\/div>\n\t\t<\/div>\n\t\t\t\t<div class=\"elementor-column elementor-col-66 elementor-top-column elementor-element elementor-element-9828427\" data-id=\"9828427\" data-element_type=\"column\" data-e-type=\"column\">\n\t\t\t<div class=\"elementor-widget-wrap elementor-element-populated\">\n\t\t\t\t\t\t<div class=\"elementor-element elementor-element-71f7f0e elementor-widget elementor-widget-text-editor\" data-id=\"71f7f0e\" data-element_type=\"widget\" data-e-type=\"widget\" data-widget_type=\"text-editor.default\">\n\t\t\t\t<div class=\"elementor-widget-container\">\n\t\t\t\t\t\t\t\t\t<p><strong>!!! Wir haben wieder Pl\u00e4tze frei !!!<\/strong><\/p>\n<p><strong>Sie k\u00f6nnen mit ihrem Kind unangemeldet zum Probetraining vorbeikommen.<\/strong><\/p>\n<p>Wir weisen vorsorglich darauf hin, dass nur diejenigen Kinder einen Anspruch auf einen festen Platz beim Turnen haben, die auch schriftlich angemeldet werden und ihre Beitr\u00e4ge bezahlt haben.<\/p>\n<p>Leider ist es h\u00e4ufiger vorgekommen, dass Eltern keine Anmeldung abgegeben und somit auch keine Beitr\u00e4ge entrichtet haben. Alle wollen das beste Angebot f\u00fcr ihre eigene Kinder, aber wir bitten um Verst\u00e4ndnis, dass der Verein nur aus den Einnahmen der Mitgliedsbeitr\u00e4ge die Kosten f\u00fcr Hallen, \u00dcbungsleiter usw. bezahlt werden und wir aus diesem Grunde\u00a0Zwischenkontrollen durchf\u00fchren werden, um den ehrlichen Sportlern einen der begehrten Pl\u00e4tze bei uns im Verein anbieten zu k\u00f6nnen.<\/p>\n<p>\u00a0<\/p>\n<p>\u00a0<\/p>\t\t\t\t\t\t\t\t<\/div>\n\t\t\t\t<\/div>\n\t\t\t\t\t<\/div>\n\t\t<\/div>\n\t\t\t\t\t<\/div>\n\t\t<\/section>\n\t\t\t\t<section class=\"elementor-section elementor-top-section elementor-element elementor-element-cc23bfd elementor-section-boxed elementor-section-height-default elementor-section-height-default\" data-id=\"cc23bfd\" data-element_type=\"section\" data-e-type=\"section\">\n\t\t\t\t\t\t<div class=\"elementor-container elementor-column-gap-default\">\n\t\t\t\t\t<div class=\"elementor-column elementor-col-100 elementor-top-column elementor-element elementor-element-f5f21df\" data-id=\"f5f21df\" data-element_type=\"column\" data-e-type=\"column\">\n\t\t\t<div class=\"elementor-widget-wrap elementor-element-populated\">\n\t\t\t\t\t\t\t<\/div>\n\t\t<\/div>\n\t\t\t\t\t<\/div>\n\t\t<\/section>\n\t\t\t\t<section class=\"elementor-section elementor-top-section elementor-element elementor-element-f79bf39 elementor-section-boxed elementor-section-height-default elementor-section-height-default\" data-id=\"f79bf39\" data-element_type=\"section\" data-e-type=\"section\">\n\t\t\t\t\t\t<div class=\"elementor-container elementor-column-gap-default\">\n\t\t\t\t\t<div class=\"elementor-column elementor-col-100 elementor-top-column elementor-element elementor-element-2e657ea9\" data-id=\"2e657ea9\" data-element_type=\"column\" data-e-type=\"column\">\n\t\t\t<div class=\"elementor-widget-wrap elementor-element-populated\">\n\t\t\t\t\t\t<div class=\"elementor-element elementor-element-4c601b8d elementor-widget elementor-widget-text-editor\" data-id=\"4c601b8d\" data-element_type=\"widget\" data-e-type=\"widget\" data-widget_type=\"text-editor.default\">\n\t\t\t\t<div class=\"elementor-widget-container\">\n\t\t\t\t\t\t\t\t\t<blockquote>\n<p>SPIELEN, TOBEN, KLETTERN, SPRINGEN, BALANCIEREN, RENNEN, TANZEN, SINGEN UND LACHEN<\/p>\n<\/blockquote>\n<p>Das erwartet Euch beim Eltern-Kind-Turnen!<\/p>\n<p>Wir m\u00f6chten f\u00fcr Sie und Ihre Kinder einen Raum f\u00fcr erste gemeinsame sportliche Erfahrungen schaffen, bei denen Sie gemeinsame Erfolgserlebnisse erleben und das Selbstbewusstsein und die Selbstsicherheit Ihres Kindes st\u00e4rken. Ihr Kind soll seinem nat\u00fcrlichen Bewegungsdrang nachgehen, sich ausprobieren und so seine Motorik f\u00f6rdern. Zusammen erklimmen wir vielf\u00e4ltige Bewegungs- und Abenteuerlandschaften, spielen Spiele, singen, sammeln Bewegungserfahrungen und haben vor allem viel Spa\u00df zusammen! <br \/>Das Eltern Kind Turnen ist f\u00fcr Kinder zwischen ca. 2-4 Jahren und jeweils eine Begleitperson (Mutter, Vater, Oma, Opa, Tante, Onkel).<\/p>\n<p>\u00a0<\/p>\n<p>\u00a0<\/p>\n<p>\u00a0<\/p>\n<p><ul class=\"wp-block-latest-posts__list wp-block-latest-posts\"><li><a class=\"wp-block-latest-posts__post-title\" href=\"https:\/\/djk-hiltrop.com\/eltern-kind-turnen\/2020\/10\/20\/wieder-da-scheine-fuer-vereine\/\">Wieder da: Scheine f\u00fcr Vereine<\/a><div class=\"wp-block-latest-posts__post-excerpt\">Ab dem 2. November 2020 hei\u00dft es wieder :Gemeinsam f\u00fcr unseren Sportverein Scheine Sammeln. Im[...]<p> <a class=\"continue-reading-link\" href=\"https:\/\/djk-hiltrop.com\/eltern-kind-turnen\/2020\/10\/20\/wieder-da-scheine-fuer-vereine\/\"><span>Weiterlesen<\/span><i class=\"crycon-right-dir\"><\/i><\/a> <\/p><\/div><\/li>\n<\/ul><\/p>\n<div>\u00a0<\/div>\t\t\t\t\t\t\t\t<\/div>\n\t\t\t\t<\/div>\n\t\t\t\t\t<\/div>\n\t\t<\/div>\n\t\t\t\t\t<\/div>\n\t\t<\/section>\n\t\t\t\t<section class=\"elementor-section elementor-top-section elementor-element elementor-element-3ed83f4 elementor-section-boxed elementor-section-height-default elementor-section-height-default\" data-id=\"3ed83f4\" data-element_type=\"section\" data-e-type=\"section\">\n\t\t\t\t\t\t<div class=\"elementor-container elementor-column-gap-default\">\n\t\t\t\t\t<div class=\"elementor-column elementor-col-100 elementor-top-column elementor-element elementor-element-f3bafce\" data-id=\"f3bafce\" data-element_type=\"column\" data-e-type=\"column\">\n\t\t\t<div class=\"elementor-widget-wrap\">\n\t\t\t\t\t\t\t<\/div>\n\t\t<\/div>\n\t\t\t\t\t<\/div>\n\t\t<\/section>\n\t\t\t\t<section class=\"elementor-section elementor-top-section elementor-element elementor-element-ffb0352 elementor-section-boxed elementor-section-height-default elementor-section-height-default\" data-id=\"ffb0352\" data-element_type=\"section\" data-e-type=\"section\">\n\t\t\t\t\t\t<div class=\"elementor-container elementor-column-gap-default\">\n\t\t\t\t\t<div class=\"elementor-column elementor-col-50 elementor-top-column elementor-element elementor-element-c4a306a\" data-id=\"c4a306a\" data-element_type=\"column\" data-e-type=\"column\">\n\t\t\t<div class=\"elementor-widget-wrap elementor-element-populated\">\n\t\t\t\t\t\t\t<\/div>\n\t\t<\/div>\n\t\t\t\t<div class=\"elementor-column elementor-col-50 elementor-top-column elementor-element elementor-element-3bb8679\" data-id=\"3bb8679\" data-element_type=\"column\" data-e-type=\"column\">\n\t\t\t<div class=\"elementor-widget-wrap elementor-element-populated\">\n\t\t\t\t\t\t\t<\/div>\n\t\t<\/div>\n\t\t\t\t\t<\/div>\n\t\t<\/section>\n\t\t\t\t<section class=\"elementor-section elementor-top-section elementor-element elementor-element-739312f elementor-section-boxed elementor-section-height-default elementor-section-height-default\" data-id=\"739312f\" data-element_type=\"section\" data-e-type=\"section\">\n\t\t\t\t\t\t<div class=\"elementor-container elementor-column-gap-default\">\n\t\t\t\t\t<div class=\"elementor-column elementor-col-100 elementor-top-column elementor-element elementor-element-fcdd8e2\" data-id=\"fcdd8e2\" data-element_type=\"column\" data-e-type=\"column\">\n\t\t\t<div class=\"elementor-widget-wrap elementor-element-populated\">\n\t\t\t\t\t\t<div class=\"elementor-element elementor-element-ebee1ba elementor-widget elementor-widget-image\" data-id=\"ebee1ba\" data-element_type=\"widget\" data-e-type=\"widget\" data-widget_type=\"image.default\">\n\t\t\t\t<div class=\"elementor-widget-container\">\n\t\t\t\t\t\t\t\t\t\t\t\t\t\t\t<img fetchpriority=\"high\" decoding=\"async\" width=\"900\" height=\"506\" src=\"https:\/\/djk-hiltrop.com\/eltern-kind-turnen\/wp-content\/uploads\/sites\/6\/2026\/04\/Hockergymnastik-1024x576.png\" class=\"attachment-large size-large wp-image-243\" alt=\"\" srcset=\"https:\/\/djk-hiltrop.com\/eltern-kind-turnen\/wp-content\/uploads\/sites\/6\/2026\/04\/Hockergymnastik-1024x576.png 1024w, https:\/\/djk-hiltrop.com\/eltern-kind-turnen\/wp-content\/uploads\/sites\/6\/2026\/04\/Hockergymnastik-300x169.png 300w, https:\/\/djk-hiltrop.com\/eltern-kind-turnen\/wp-content\/uploads\/sites\/6\/2026\/04\/Hockergymnastik-768x432.png 768w, https:\/\/djk-hiltrop.com\/eltern-kind-turnen\/wp-content\/uploads\/sites\/6\/2026\/04\/Hockergymnastik-150x84.png 150w, https:\/\/djk-hiltrop.com\/eltern-kind-turnen\/wp-content\/uploads\/sites\/6\/2026\/04\/Hockergymnastik.png 1366w\" sizes=\"(max-width: 900px) 100vw, 900px\" \/>\t\t\t\t\t\t\t\t\t\t\t\t\t\t\t<\/div>\n\t\t\t\t<\/div>\n\t\t\t\t\t<\/div>\n\t\t<\/div>\n\t\t\t\t\t<\/div>\n\t\t<\/section>\n\t\t\t\t<\/div>\n\t\t","protected":false},"excerpt":{"rendered":"<p>!!! Wir haben wieder Pl\u00e4tze frei !!! Sie k\u00f6nnen mit ihrem Kind unangemeldet zum Probetraining vorbeikommen. Wir weisen vorsorglich darauf hin, dass nur diejenigen Kinder einen Anspruch auf einen festen Platz beim Turnen haben, die auch schriftlich angemeldet werden und ihre Beitr\u00e4ge bezahlt haben. Leider ist es h\u00e4ufiger vorgekommen, dass[&#8230;]<\/p>\n<p> <a class=\"continue-reading-link\" href=\"https:\/\/djk-hiltrop.com\/eltern-kind-turnen\/\"><span>Weiterlesen<\/span><i class=\"crycon-right-dir\"><\/i><\/a> <\/p>\n","protected":false},"author":1,"featured_media":0,"parent":0,"menu_order":0,"comment_status":"closed","ping_status":"closed","template":"","meta":{"footnotes":""},"class_list":["post-12","page","type-page","status-publish","hentry"],"_links":{"self":[{"href":"https:\/\/djk-hiltrop.com\/eltern-kind-turnen\/wp-json\/wp\/v2\/pages\/12","targetHints":{"allow":["GET"]}}],"collection":[{"href":"https:\/\/djk-hiltrop.com\/eltern-kind-turnen\/wp-json\/wp\/v2\/pages"}],"about":[{"href":"https:\/\/djk-hiltrop.com\/eltern-kind-turnen\/wp-json\/wp\/v2\/types\/page"}],"author":[{"embeddable":true,"href":"https:\/\/djk-hiltrop.com\/eltern-kind-turnen\/wp-json\/wp\/v2\/users\/1"}],"replies":[{"embeddable":true,"href":"https:\/\/djk-hiltrop.com\/eltern-kind-turnen\/wp-json\/wp\/v2\/comments?post=12"}],"version-history":[{"count":96,"href":"https:\/\/djk-hiltrop.com\/eltern-kind-turnen\/wp-json\/wp\/v2\/pages\/12\/revisions"}],"predecessor-version":[{"id":247,"href":"https:\/\/djk-hiltrop.com\/eltern-kind-turnen\/wp-json\/wp\/v2\/pages\/12\/revisions\/247"}],"wp:attachment":[{"href":"https:\/\/djk-hiltrop.com\/eltern-kind-turnen\/wp-json\/wp\/v2\/media?parent=12"}],"curies":[{"name":"wp","href":"https:\/\/api.w.org\/{rel}","templated":true}]}}